{"id":8,"date":"2017-07-27T01:57:51","date_gmt":"2017-07-26T23:57:51","guid":{"rendered":"http:\/\/thomasbaumannphysik.de\/wordpress\/?page_id=8"},"modified":"2021-09-30T21:14:01","modified_gmt":"2021-09-30T19:14:01","slug":"ueber-mich","status":"publish","type":"page","link":"http:\/\/thomasbaumannphysik.de\/wordpress\/ueber-mich\/","title":{"rendered":"\u00dcber mich"},"content":{"rendered":"\n<figure class=\"wp-block-image\"><img decoding=\"async\" src=\"http:\/\/thomasbaumannphysik.de\/wordpress\/wp-content\/uploads\/2017\/07\/Residenz4-1.jpg\" alt=\"\"\/><\/figure>\n\n\n\n<p class=\"hide-if-no-js\"><a id=\"set-post-thumbnail\" class=\"thickbox\" href=\"http:\/\/thomasbaumannphysik.de\/wordpress\/wp-admin\/media-upload.php?post_id=8&amp;type=image&amp;TB_iframe=1\" aria-describedby=\"set-post-thumbnail-desc\"><\/a><\/p>\n\n\n\n<p>Von Hause aus bin ich Diplom Physiker mit dem Fachbereich theoretische Molek\u00fclphysik.<\/p>\n\n\n\n<p>Dies ist ein wissenschaftlich sehr wichtiges Forschungsgebiet, auf dem auch 1999 der Nobelpreis in Chemie vergeben wurde.<\/p>\n\n\n\n<p>Ich habe einige Jahre als Softwareentwickler gearbeitet:<\/p>\n\n\n\n<p>Zun\u00e4chst habe ich CRM Systeme entwickelt. Dies sind Datenbanksysteme zur Pflege von Kundenbeziehungen. Sp\u00e4ter entwickelte ich dann Software f\u00fcr Lagerlogistik.<\/p>\n\n\n\n<p>Jetzt unterrichte ich privat Mathematik und Physik.<\/p>\n\n\n\n<p>Ich habe Sch\u00fcler von allen h\u00f6heren Schulen W\u00fcrzburgs und Umgebung.&nbsp; unterrichtet. Haupts\u00e4chlich unterrichte ich Mathematik und Physik. Sollten Sie Probleme in anderen F\u00e4chern, wie beispielsweise Chemie, haben, so k\u00f6nnen Sie mich ebenfalls kontaktieren. Des weiteren haben ich auch viele Studenten aus den verschiedensten Studieng\u00e4ngen der Universit\u00e4t W\u00fcrzburg und auch an der Fachhochschule W\u00fcrzburg-Schweinfurt unterrichtet, sei es nun Mathematik-Lehramt , Elektrotechnik, Fahrzeugbau, Wirtschaftsingenieurwesen, Logistik, Betriebswirtschaftslehre, Bauingenieurwesen etc.<\/p>\n","protected":false},"excerpt":{"rendered":"<p>Von Hause aus bin ich Diplom Physiker mit dem Fachbereich theoretische Molek\u00fclphysik. Dies ist ein wissenschaftlich sehr wichtiges Forschungsgebiet, auf dem auch 1999 der Nobelpreis in Chemie vergeben wurde. Ich habe einige Jahre als Softwareentwickler gearbeitet: Zun\u00e4chst habe ich CRM Systeme entwickelt. Dies sind Datenbanksysteme zur Pflege von Kundenbeziehungen. Sp\u00e4ter entwickelte ich dann Software f\u00fcr &hellip; <\/p>\n<p class=\"link-more\"><a href=\"http:\/\/thomasbaumannphysik.de\/wordpress\/ueber-mich\/\" class=\"more-link\"><span class=\"screen-reader-text\">\u201e\u00dcber mich\u201c<\/span> weiterlesen<\/a><\/p>\n","protected":false},"author":1,"featured_media":0,"parent":0,"menu_order":0,"comment_status":"closed","ping_status":"closed","template":"","meta":{"footnotes":""},"_links":{"self":[{"href":"http:\/\/thomasbaumannphysik.de\/wordpress\/wp-json\/wp\/v2\/pages\/8"}],"collection":[{"href":"http:\/\/thomasbaumannphysik.de\/wordpress\/wp-json\/wp\/v2\/pages"}],"about":[{"href":"http:\/\/thomasbaumannphysik.de\/wordpress\/wp-json\/wp\/v2\/types\/page"}],"author":[{"embeddable":true,"href":"http:\/\/thomasbaumannphysik.de\/wordpress\/wp-json\/wp\/v2\/users\/1"}],"replies":[{"embeddable":true,"href":"http:\/\/thomasbaumannphysik.de\/wordpress\/wp-json\/wp\/v2\/comments?post=8"}],"version-history":[{"count":12,"href":"http:\/\/thomasbaumannphysik.de\/wordpress\/wp-json\/wp\/v2\/pages\/8\/revisions"}],"predecessor-version":[{"id":205,"href":"http:\/\/thomasbaumannphysik.de\/wordpress\/wp-json\/wp\/v2\/pages\/8\/revisions\/205"}],"wp:attachment":[{"href":"http:\/\/thomasbaumannphysik.de\/wordpress\/wp-json\/wp\/v2\/media?parent=8"}],"curies":[{"name":"wp","href":"https:\/\/api.w.org\/{rel}","templated":true}]}}