{"id":73,"date":"2017-07-27T22:54:40","date_gmt":"2017-07-27T20:54:40","guid":{"rendered":"http:\/\/thomasbaumannphysik.de\/wordpress\/?page_id=73"},"modified":"2019-01-26T22:03:37","modified_gmt":"2019-01-26T21:03:37","slug":"eltern-2","status":"publish","type":"page","link":"http:\/\/thomasbaumannphysik.de\/wordpress\/eltern-2\/","title":{"rendered":"Ein Wort an die Eltern"},"content":{"rendered":"<p>Liebe Eltern,<\/p>\n<p>sollten Sie Probleme Ihres Kindes in der Schule bemerken, so z\u00f6gern Sie nicht mich umgehend zu kontaktieren. Denn aus jahrelanger Erfahrung wei\u00df ich, dass nichts schwieriger ist, als einen Sch\u00fcler, der den Anschluss in Mathematik verloren hat, wieder auf den geforderten Stand zu bringen. Je l\u00e4nger Sie warten, um so gr\u00f6\u00dfer wird der Aufwand.<\/p>\n<p>Erfolg in der Schule und anschlie\u00dfend im Studium setzt fr\u00fch an:<\/p>\n<p>Ein guter Schulabschluss ist kein Zufall. Er ist das Ergebnis von jahrelangem Lernen und viel \u00dcbung. Als Privatlehrer kann man einen guten Schulabschluss\u00a0 f\u00fcr seine Sch\u00fcler nur erreichen, wenn die Zusammenarbeit mit dem Sch\u00fcler rechtzeitig einsetzt, kontinuierlich fortgef\u00fchrt wird und somit nicht erst wenige Wochen vor einer (Abschluss-)Pr\u00fcfung oder dem Abitur beginnt.<\/p>\n<p>Sollten Sie sich nicht sicher sein, welche Schule f\u00fcr Ihr Kind die richtige ist, so k\u00f6nnen Sie ebenfalls auf meine Erfahrung zur\u00fcckgreifen:<\/p>\n<p>Da ich an keiner Schule angestellt bin und somit kein Institut aus pers\u00f6nlichen oder beruflichen Gr\u00fcnden bevorzuge, bin ich bei der Auswahl und Empfehlung unabh\u00e4ngig. Gerne helfe ich dabei aus der gro\u00dfen Anzahl der Schulen in W\u00fcrzburg und Umgebung die richtige f\u00fcr Ihr Kind herauszusuchen.<\/p>\n<p>Leider wei\u00df ich, dass viele Sch\u00fcler auf Schulen sind, bei denen ihr Talent nicht optimal gef\u00f6rdert wird. Das muss nicht sein! Vertrauen Sie auf meine Erfahrung.<\/p>\n","protected":false},"excerpt":{"rendered":"<p>Liebe Eltern, sollten Sie Probleme Ihres Kindes in der Schule bemerken, so z\u00f6gern Sie nicht mich umgehend zu kontaktieren. Denn aus jahrelanger Erfahrung wei\u00df ich, dass nichts schwieriger ist, als einen Sch\u00fcler, der den Anschluss in Mathematik verloren hat, wieder auf den geforderten Stand zu bringen. Je l\u00e4nger Sie warten, um so gr\u00f6\u00dfer wird der &hellip; <\/p>\n<p class=\"link-more\"><a href=\"http:\/\/thomasbaumannphysik.de\/wordpress\/eltern-2\/\" class=\"more-link\"><span class=\"screen-reader-text\">\u201eEin Wort an die Eltern\u201c<\/span> weiterlesen<\/a><\/p>\n","protected":false},"author":1,"featured_media":0,"parent":0,"menu_order":0,"comment_status":"closed","ping_status":"closed","template":"","meta":{"footnotes":""},"_links":{"self":[{"href":"http:\/\/thomasbaumannphysik.de\/wordpress\/wp-json\/wp\/v2\/pages\/73"}],"collection":[{"href":"http:\/\/thomasbaumannphysik.de\/wordpress\/wp-json\/wp\/v2\/pages"}],"about":[{"href":"http:\/\/thomasbaumannphysik.de\/wordpress\/wp-json\/wp\/v2\/types\/page"}],"author":[{"embeddable":true,"href":"http:\/\/thomasbaumannphysik.de\/wordpress\/wp-json\/wp\/v2\/users\/1"}],"replies":[{"embeddable":true,"href":"http:\/\/thomasbaumannphysik.de\/wordpress\/wp-json\/wp\/v2\/comments?post=73"}],"version-history":[{"count":20,"href":"http:\/\/thomasbaumannphysik.de\/wordpress\/wp-json\/wp\/v2\/pages\/73\/revisions"}],"predecessor-version":[{"id":187,"href":"http:\/\/thomasbaumannphysik.de\/wordpress\/wp-json\/wp\/v2\/pages\/73\/revisions\/187"}],"wp:attachment":[{"href":"http:\/\/thomasbaumannphysik.de\/wordpress\/wp-json\/wp\/v2\/media?parent=73"}],"curies":[{"name":"wp","href":"https:\/\/api.w.org\/{rel}","templated":true}]}}