{"id":7,"date":"2017-07-27T01:57:51","date_gmt":"2017-07-26T23:57:51","guid":{"rendered":"http:\/\/thomasbaumannphysik.de\/wordpress\/?page_id=7"},"modified":"2021-09-30T21:15:18","modified_gmt":"2021-09-30T19:15:18","slug":"startseite","status":"publish","type":"page","link":"http:\/\/thomasbaumannphysik.de\/wordpress\/","title":{"rendered":"Startseite"},"content":{"rendered":"<p>Willkommen auf der Homepage von Thomas Baumann.<\/p>\n<p>Ich bin Physiker und unterrichte seit mehr als f\u00fcnfzehn Jahren Mathematik und Physik als privater Nachhilfelehrer in allen Schulen von W\u00fcrzburg und Umgebung. Das hei\u00dft von Tauberbischofsheim bis Schweinfurt.<\/p>\n\n\n<p><\/p>\n","protected":false},"excerpt":{"rendered":"<p>Willkommen auf der Homepage von Thomas Baumann. Ich bin Physiker und unterrichte seit mehr als f\u00fcnfzehn Jahren Mathematik und Physik als privater Nachhilfelehrer in allen Schulen von W\u00fcrzburg und Umgebung. Das hei\u00dft von Tauberbischofsheim bis Schweinfurt.<\/p>\n","protected":false},"author":1,"featured_media":0,"parent":0,"menu_order":0,"comment_status":"closed","ping_status":"closed","template":"","meta":{"footnotes":""},"_links":{"self":[{"href":"http:\/\/thomasbaumannphysik.de\/wordpress\/wp-json\/wp\/v2\/pages\/7"}],"collection":[{"href":"http:\/\/thomasbaumannphysik.de\/wordpress\/wp-json\/wp\/v2\/pages"}],"about":[{"href":"http:\/\/thomasbaumannphysik.de\/wordpress\/wp-json\/wp\/v2\/types\/page"}],"author":[{"embeddable":true,"href":"http:\/\/thomasbaumannphysik.de\/wordpress\/wp-json\/wp\/v2\/users\/1"}],"replies":[{"embeddable":true,"href":"http:\/\/thomasbaumannphysik.de\/wordpress\/wp-json\/wp\/v2\/comments?post=7"}],"version-history":[{"count":7,"href":"http:\/\/thomasbaumannphysik.de\/wordpress\/wp-json\/wp\/v2\/pages\/7\/revisions"}],"predecessor-version":[{"id":206,"href":"http:\/\/thomasbaumannphysik.de\/wordpress\/wp-json\/wp\/v2\/pages\/7\/revisions\/206"}],"wp:attachment":[{"href":"http:\/\/thomasbaumannphysik.de\/wordpress\/wp-json\/wp\/v2\/media?parent=7"}],"curies":[{"name":"wp","href":"https:\/\/api.w.org\/{rel}","templated":true}]}}