{"id":166,"date":"2017-09-13T22:11:10","date_gmt":"2017-09-13T20:11:10","guid":{"rendered":"http:\/\/thomasbaumannphysik.de\/wordpress\/?page_id=166"},"modified":"2017-09-13T22:25:40","modified_gmt":"2017-09-13T20:25:40","slug":"edv-beratung","status":"publish","type":"page","link":"http:\/\/thomasbaumannphysik.de\/wordpress\/edv-beratung\/","title":{"rendered":"EDV-Beratung"},"content":{"rendered":"<p>Haben Sie ein Problem mit Ihrem Computer ?<\/p>\n<p>Ich habe mehrere Jahre im IT-Consulting gearbeitet. Zun\u00e4chst entwickelte ich f\u00fcr das bekannte CRM (Customer Relationship Management) Tool &#8222;SalesLogix&#8220; Zusatzmodule und Erweiterungen. Dann habe ich Simulationsprogramme im Bereich der Lagerlogistik entwickelt, um computergest\u00fctzte automatische Warenh\u00e4user zu optimieren. Da bei diesen Warenh\u00e4user die Baukosten bei weit mehr als 100 Mio Euro liegen, muss im Vorfeld gew\u00e4hrleistet sein, dass die Anforderungen des Kunden auch erf\u00fcllt werden. Dies kann nicht mehr durch eine einfache Berechnung per Hand oder Taschenrechner durchgef\u00fchrt werden, sondern erfordert eine Simulation per Computer.<\/p>\n<p>Die Probleme des Alltags sind nat\u00fcrlich viel weniger aufwendig. Macht auch Ihr Computer nicht, was Sie gerne h\u00e4tten, fragen Sie mich um Hilfe.<\/p>\n","protected":false},"excerpt":{"rendered":"<p>Haben Sie ein Problem mit Ihrem Computer ? Ich habe mehrere Jahre im IT-Consulting gearbeitet. Zun\u00e4chst entwickelte ich f\u00fcr das bekannte CRM (Customer Relationship Management) Tool &#8222;SalesLogix&#8220; Zusatzmodule und Erweiterungen. Dann habe ich Simulationsprogramme im Bereich der Lagerlogistik entwickelt, um computergest\u00fctzte automatische Warenh\u00e4user zu optimieren. Da bei diesen Warenh\u00e4user die Baukosten bei weit mehr als &hellip; <\/p>\n<p class=\"link-more\"><a href=\"http:\/\/thomasbaumannphysik.de\/wordpress\/edv-beratung\/\" class=\"more-link\"><span class=\"screen-reader-text\">\u201eEDV-Beratung\u201c<\/span> weiterlesen<\/a><\/p>\n","protected":false},"author":1,"featured_media":0,"parent":0,"menu_order":0,"comment_status":"closed","ping_status":"closed","template":"","meta":{"footnotes":""},"_links":{"self":[{"href":"http:\/\/thomasbaumannphysik.de\/wordpress\/wp-json\/wp\/v2\/pages\/166"}],"collection":[{"href":"http:\/\/thomasbaumannphysik.de\/wordpress\/wp-json\/wp\/v2\/pages"}],"about":[{"href":"http:\/\/thomasbaumannphysik.de\/wordpress\/wp-json\/wp\/v2\/types\/page"}],"author":[{"embeddable":true,"href":"http:\/\/thomasbaumannphysik.de\/wordpress\/wp-json\/wp\/v2\/users\/1"}],"replies":[{"embeddable":true,"href":"http:\/\/thomasbaumannphysik.de\/wordpress\/wp-json\/wp\/v2\/comments?post=166"}],"version-history":[{"count":5,"href":"http:\/\/thomasbaumannphysik.de\/wordpress\/wp-json\/wp\/v2\/pages\/166\/revisions"}],"predecessor-version":[{"id":170,"href":"http:\/\/thomasbaumannphysik.de\/wordpress\/wp-json\/wp\/v2\/pages\/166\/revisions\/170"}],"wp:attachment":[{"href":"http:\/\/thomasbaumannphysik.de\/wordpress\/wp-json\/wp\/v2\/media?parent=166"}],"curies":[{"name":"wp","href":"https:\/\/api.w.org\/{rel}","templated":true}]}}