{"id":127,"date":"2017-08-20T19:12:55","date_gmt":"2017-08-20T17:12:55","guid":{"rendered":"http:\/\/thomasbaumannphysik.de\/wordpress\/?page_id=127"},"modified":"2026-02-23T20:22:44","modified_gmt":"2026-02-23T19:22:44","slug":"schulen-in-wuerzburg","status":"publish","type":"page","link":"http:\/\/thomasbaumannphysik.de\/wordpress\/schulen-in-wuerzburg\/","title":{"rendered":"Schulen in W\u00fcrzburg"},"content":{"rendered":"<p>W\u00fcrzburg ist als Universit\u00e4tsstadt mit einer gro\u00dfen Auswahl von Schulen ausgestattet:<\/p>\n<p>Ich habe Sch\u00fcler von folgenden Schulen unterrichtet:<\/p>\n<p>Gymnasien:<\/p>\n<ul>\n<li>R\u00f6ntgen-Gymnasium<\/li>\n<li>St.-Ursula-Schule (Gymnasium und Realschule)<\/li>\n<li>Wirsberg-Gymnasium<\/li>\n<li>Siebold-Gymnasium<\/li>\n<li>Riemenschneider-Gymnasium<\/li>\n<li>Deutschhaus-Gymnasium<\/li>\n<li>Friedrich-Koenig-Gymnasium<\/li>\n<li>Matthias-Gr\u00fcnewald-Gymnasium<\/li>\n<li>Dag-Hammarskj\u00f6ld-Gymnasium<\/li>\n<li>Egbert-Gymnasium M\u00fcnsterschwarzarch<\/li>\n<li>Gymnasium Marktbreit<\/li>\n<li>Gymnasium Veitsh\u00f6chheim<\/li>\n<li>Walther-Rathenau-Gymnasium Schweinfurt<\/li>\n<li>Balthasar-Neumann-Gymnasium Marktheidenfeld<\/li>\n<li>Matthias-Gr\u00fcnewald-Gymnasium Tauberbischofsheim<\/li>\n<li>Armin-Knab-Gymnasium Kitzingen<\/li>\n<\/ul>\n<p>Realschulen:<\/p>\n<ul>\n<li>David-Schuster-Realschule<\/li>\n<li>Jakob-Stoll-Realschule<\/li>\n<li>Maria-Ward-Schule<\/li>\n<li>Sankt-Ursula-Realschule<\/li>\n<li>Wolffskeel-Realschule<\/li>\n<li>Leopold-Sonnemann Realschule H\u00f6chberg<\/li>\n<li>Riemenschneider-Realschule Tauberbischofsheim<\/li>\n<li>Realschule am Maindreieck Ochsenfurt<\/li>\n<\/ul>\n<p>Wirtschaftsschulen<\/p>\n<ul>\n<li>St\u00e4dtische Wirtschaftsschule W\u00fcrzburg<\/li>\n<li>Private Wirtschaftsschule M\u00fcller<\/li>\n<\/ul>\n<p>Alternative Schulen<\/p>\n<ul>\n<li>Waldorfschule W\u00fcrzburg<\/li>\n<li>Jena-Plan-Schule W\u00fcrzburg<\/li>\n<li>Montessori Schule W\u00fcrzburg Zell<\/li>\n<\/ul>\n<p>Au\u00dferdem:<\/p>\n<ul>\n<li>FOS BOS W\u00fcrzburg<\/li>\n<li>FOS BOS Kitzingen<\/li>\n<li>Kaufm\u00e4nnische Schulen Tauberbischofsheim<\/li>\n<li>Studiengemeinschaft Darmstadt<\/li>\n<li>Abendgymnasien in W\u00fcrzburg und Schweinfurt<\/li>\n<li>diverse Mittel und Hauptschulen bzw Grundschulen in W\u00fcrzburg<\/li>\n<li>Vorbereitung auf den Medizinertest (auch in \u00d6sterreich)<\/li>\n<li>Vorbereitung auf den Deltatest<\/li>\n<\/ul>\n<p>Sollte Ihre Schule in dieser Liste nicht zu finden sein, lohnt sich eine Nachfrage immer, denn es ist mir aufgrund meiner langj\u00e4hrigen Erfahrung ein Leichtes,\u00a0 auch andere Schulen zu unterrichten<\/p>\n","protected":false},"excerpt":{"rendered":"<p>W\u00fcrzburg ist als Universit\u00e4tsstadt mit einer gro\u00dfen Auswahl von Schulen ausgestattet: Ich habe Sch\u00fcler von folgenden Schulen unterrichtet: Gymnasien: R\u00f6ntgen-Gymnasium St.-Ursula-Schule (Gymnasium und Realschule) Wirsberg-Gymnasium Siebold-Gymnasium Riemenschneider-Gymnasium Deutschhaus-Gymnasium Friedrich-Koenig-Gymnasium Matthias-Gr\u00fcnewald-Gymnasium Dag-Hammarskj\u00f6ld-Gymnasium Egbert-Gymnasium M\u00fcnsterschwarzarch Gymnasium Marktbreit Gymnasium Veitsh\u00f6chheim Walther-Rathenau-Gymnasium Schweinfurt Balthasar-Neumann-Gymnasium Marktheidenfeld Matthias-Gr\u00fcnewald-Gymnasium Tauberbischofsheim Armin-Knab-Gymnasium Kitzingen Realschulen: David-Schuster-Realschule Jakob-Stoll-Realschule Maria-Ward-Schule Sankt-Ursula-Realschule Wolffskeel-Realschule Leopold-Sonnemann Realschule H\u00f6chberg Riemenschneider-Realschule &hellip; <\/p>\n<p class=\"link-more\"><a href=\"http:\/\/thomasbaumannphysik.de\/wordpress\/schulen-in-wuerzburg\/\" class=\"more-link\"><span class=\"screen-reader-text\">\u201eSchulen in W\u00fcrzburg\u201c<\/span> weiterlesen<\/a><\/p>\n","protected":false},"author":1,"featured_media":0,"parent":0,"menu_order":0,"comment_status":"closed","ping_status":"closed","template":"","meta":{"footnotes":""},"_links":{"self":[{"href":"http:\/\/thomasbaumannphysik.de\/wordpress\/wp-json\/wp\/v2\/pages\/127"}],"collection":[{"href":"http:\/\/thomasbaumannphysik.de\/wordpress\/wp-json\/wp\/v2\/pages"}],"about":[{"href":"http:\/\/thomasbaumannphysik.de\/wordpress\/wp-json\/wp\/v2\/types\/page"}],"author":[{"embeddable":true,"href":"http:\/\/thomasbaumannphysik.de\/wordpress\/wp-json\/wp\/v2\/users\/1"}],"replies":[{"embeddable":true,"href":"http:\/\/thomasbaumannphysik.de\/wordpress\/wp-json\/wp\/v2\/comments?post=127"}],"version-history":[{"count":15,"href":"http:\/\/thomasbaumannphysik.de\/wordpress\/wp-json\/wp\/v2\/pages\/127\/revisions"}],"predecessor-version":[{"id":219,"href":"http:\/\/thomasbaumannphysik.de\/wordpress\/wp-json\/wp\/v2\/pages\/127\/revisions\/219"}],"wp:attachment":[{"href":"http:\/\/thomasbaumannphysik.de\/wordpress\/wp-json\/wp\/v2\/media?parent=127"}],"curies":[{"name":"wp","href":"https:\/\/api.w.org\/{rel}","templated":true}]}}