{"id":119,"date":"2017-08-20T18:58:34","date_gmt":"2017-08-20T16:58:34","guid":{"rendered":"http:\/\/thomasbaumannphysik.de\/wordpress\/?page_id=119"},"modified":"2017-09-01T12:36:18","modified_gmt":"2017-09-01T10:36:18","slug":"an-die-studenten","status":"publish","type":"page","link":"http:\/\/thomasbaumannphysik.de\/wordpress\/an-die-studenten\/","title":{"rendered":"An die Studenten"},"content":{"rendered":"<p>Die Universit\u00e4t oder Fachhochschule ist keine Schule, wie Ihr sie von fr\u00fcher kennt. Insbesondere das Niveau an der Uni ist um eigenes h\u00f6her als Ihr es bis dato gewohnt seid. Wer Mathematik, Informatik, Physik, Chemie oder Ingenieurswissenschaften studieren will und meint, man k\u00e4me hier mit genauso viel\u00a0 Flei\u00df oder Aufwand durchs Studium wie an der Schule f\u00fcr f\u00fcnf oder sieben Punkte erforderlich, der irrt gewaltig.<\/p>\n<p>Wer in der akademischen Ausbildung Mathe oder Physik schleifen l\u00e4sst, darf nicht selten eine &#8222;Ehrenrunde&#8220; drehen.\u00a0 Also: Hier muss man immer am Ball bleiben. Wer schon fast sein gesamtes Studium gemeistert hat und nur an Mathe oder Physik gescheitert ist, dem kann geholfen werden. Die fehlende Fachkompetenz aufzubauen kann zwar einigen Einsatz erfordern, aber der Erfolg meiner vielen Studenten beweist, dass sich der Aufwand lohnt.<\/p>\n","protected":false},"excerpt":{"rendered":"<p>Die Universit\u00e4t oder Fachhochschule ist keine Schule, wie Ihr sie von fr\u00fcher kennt. Insbesondere das Niveau an der Uni ist um eigenes h\u00f6her als Ihr es bis dato gewohnt seid. Wer Mathematik, Informatik, Physik, Chemie oder Ingenieurswissenschaften studieren will und meint, man k\u00e4me hier mit genauso viel\u00a0 Flei\u00df oder Aufwand durchs Studium wie an der &hellip; <\/p>\n<p class=\"link-more\"><a href=\"http:\/\/thomasbaumannphysik.de\/wordpress\/an-die-studenten\/\" class=\"more-link\"><span class=\"screen-reader-text\">\u201eAn die Studenten\u201c<\/span> weiterlesen<\/a><\/p>\n","protected":false},"author":1,"featured_media":0,"parent":0,"menu_order":0,"comment_status":"closed","ping_status":"closed","template":"","meta":{"footnotes":""},"_links":{"self":[{"href":"http:\/\/thomasbaumannphysik.de\/wordpress\/wp-json\/wp\/v2\/pages\/119"}],"collection":[{"href":"http:\/\/thomasbaumannphysik.de\/wordpress\/wp-json\/wp\/v2\/pages"}],"about":[{"href":"http:\/\/thomasbaumannphysik.de\/wordpress\/wp-json\/wp\/v2\/types\/page"}],"author":[{"embeddable":true,"href":"http:\/\/thomasbaumannphysik.de\/wordpress\/wp-json\/wp\/v2\/users\/1"}],"replies":[{"embeddable":true,"href":"http:\/\/thomasbaumannphysik.de\/wordpress\/wp-json\/wp\/v2\/comments?post=119"}],"version-history":[{"count":12,"href":"http:\/\/thomasbaumannphysik.de\/wordpress\/wp-json\/wp\/v2\/pages\/119\/revisions"}],"predecessor-version":[{"id":123,"href":"http:\/\/thomasbaumannphysik.de\/wordpress\/wp-json\/wp\/v2\/pages\/119\/revisions\/123"}],"wp:attachment":[{"href":"http:\/\/thomasbaumannphysik.de\/wordpress\/wp-json\/wp\/v2\/media?parent=119"}],"curies":[{"name":"wp","href":"https:\/\/api.w.org\/{rel}","templated":true}]}}