{"id":108,"date":"2017-08-20T18:23:05","date_gmt":"2017-08-20T16:23:05","guid":{"rendered":"http:\/\/thomasbaumannphysik.de\/wordpress\/?page_id=108"},"modified":"2019-01-26T22:05:31","modified_gmt":"2019-01-26T21:05:31","slug":"liebe-schueler","status":"publish","type":"page","link":"http:\/\/thomasbaumannphysik.de\/wordpress\/liebe-schueler\/","title":{"rendered":"Liebe Sch\u00fcler"},"content":{"rendered":"<p>Wer hat nicht schon Schwierigkeiten in Mathe,\u00a0 Physik und Chemie gehabt ?<\/p>\n<p>Bei diesen F\u00e4chern baut der\u00a0 aktuelle Stoff immer auf dem Stoff der vorherigen Klassen auf. Wer also in der 5. und 6. Klasse Probleme in Mathe hatte, wird auch sofort wieder in der 7. Klasse Schwierigkeiten bekommen. Und wer in Mathe den Durchblick verloren hat, wird an diesem Fach auch keinen Spa\u00df gewinnen.\u00a0 Hier kann Euch ein privater Nachhilfelehrer helfen:\u00a0 Er sieht die L\u00fccken, vermittelt den fehlenden Stoff und &#8211; oh Wunder &#8211; pl\u00f6tzlich versteht Ihr in der Schule wieder alles &#8211; und das ist das Beste: Mathe und Physik macht wieder Spa\u00df.<\/p>\n<p>Aber auch schon guten Sch\u00fclern kann ich helfen: Es gibt nichts, was nicht noch besser werden k\u00f6nnte: Viele meiner Sch\u00fcler haben das Abitur, sei es am Gymnasium, Fos oder Bos, die\u00a0 Realschule, die Wirtschaftsschule oder die Mittelschule mit Bestnoten bestanden.\u00a0 Unter meinen\u00a0 Sch\u00fclern sind Klassenbeste keine Seltenheit. Das kann man werden &#8211; und man muss nicht unbedingt ein Mathegenie sein.<\/p>\n","protected":false},"excerpt":{"rendered":"<p>Wer hat nicht schon Schwierigkeiten in Mathe,\u00a0 Physik und Chemie gehabt ? Bei diesen F\u00e4chern baut der\u00a0 aktuelle Stoff immer auf dem Stoff der vorherigen Klassen auf. Wer also in der 5. und 6. Klasse Probleme in Mathe hatte, wird auch sofort wieder in der 7. Klasse Schwierigkeiten bekommen. Und wer in Mathe den Durchblick &hellip; <\/p>\n<p class=\"link-more\"><a href=\"http:\/\/thomasbaumannphysik.de\/wordpress\/liebe-schueler\/\" class=\"more-link\"><span class=\"screen-reader-text\">\u201eLiebe Sch\u00fcler\u201c<\/span> weiterlesen<\/a><\/p>\n","protected":false},"author":1,"featured_media":0,"parent":0,"menu_order":0,"comment_status":"closed","ping_status":"closed","template":"","meta":{"footnotes":""},"_links":{"self":[{"href":"http:\/\/thomasbaumannphysik.de\/wordpress\/wp-json\/wp\/v2\/pages\/108"}],"collection":[{"href":"http:\/\/thomasbaumannphysik.de\/wordpress\/wp-json\/wp\/v2\/pages"}],"about":[{"href":"http:\/\/thomasbaumannphysik.de\/wordpress\/wp-json\/wp\/v2\/types\/page"}],"author":[{"embeddable":true,"href":"http:\/\/thomasbaumannphysik.de\/wordpress\/wp-json\/wp\/v2\/users\/1"}],"replies":[{"embeddable":true,"href":"http:\/\/thomasbaumannphysik.de\/wordpress\/wp-json\/wp\/v2\/comments?post=108"}],"version-history":[{"count":8,"href":"http:\/\/thomasbaumannphysik.de\/wordpress\/wp-json\/wp\/v2\/pages\/108\/revisions"}],"predecessor-version":[{"id":188,"href":"http:\/\/thomasbaumannphysik.de\/wordpress\/wp-json\/wp\/v2\/pages\/108\/revisions\/188"}],"wp:attachment":[{"href":"http:\/\/thomasbaumannphysik.de\/wordpress\/wp-json\/wp\/v2\/media?parent=108"}],"curies":[{"name":"wp","href":"https:\/\/api.w.org\/{rel}","templated":true}]}}