{"id":10,"date":"2017-07-27T01:57:51","date_gmt":"2017-07-26T23:57:51","guid":{"rendered":"http:\/\/thomasbaumannphysik.de\/wordpress\/?page_id=10"},"modified":"2025-02-22T00:22:33","modified_gmt":"2025-02-21T23:22:33","slug":"blog","status":"publish","type":"page","link":"http:\/\/thomasbaumannphysik.de\/wordpress\/blog\/","title":{"rendered":"Aktuelles"},"content":{"rendered":"\n<p>Corona Krise und auch sp\u00e4ter<\/p>\n\n\n\n<p>Selbstverst\u00e4ndlich ist es m\u00f6glich w\u00e4hrend der Coronakrise  den Unterricht auch online durchzuf\u00fchren.<\/p>\n\n\n\n<p>Onlineunterricht ist ebenfalls bis heute m\u00f6glich.<\/p>\n\n\n\n<p>Allerdings ist nat\u00fcrlich Pr\u00e4senzunterricht effektiver und somit vorzuziehen. <\/p>\n\n\n\n<p>Sprechen Sie mich einfach darauf an.<\/p>\n","protected":false},"excerpt":{"rendered":"<p>Corona Krise und auch sp\u00e4ter Selbstverst\u00e4ndlich ist es m\u00f6glich w\u00e4hrend der Coronakrise den Unterricht auch online durchzuf\u00fchren. Onlineunterricht ist ebenfalls bis heute m\u00f6glich. Allerdings ist nat\u00fcrlich Pr\u00e4senzunterricht effektiver und somit vorzuziehen. Sprechen Sie mich einfach darauf an.<\/p>\n","protected":false},"author":1,"featured_media":0,"parent":0,"menu_order":0,"comment_status":"closed","ping_status":"closed","template":"","meta":{"footnotes":""},"_links":{"self":[{"href":"http:\/\/thomasbaumannphysik.de\/wordpress\/wp-json\/wp\/v2\/pages\/10"}],"collection":[{"href":"http:\/\/thomasbaumannphysik.de\/wordpress\/wp-json\/wp\/v2\/pages"}],"about":[{"href":"http:\/\/thomasbaumannphysik.de\/wordpress\/wp-json\/wp\/v2\/types\/page"}],"author":[{"embeddable":true,"href":"http:\/\/thomasbaumannphysik.de\/wordpress\/wp-json\/wp\/v2\/users\/1"}],"replies":[{"embeddable":true,"href":"http:\/\/thomasbaumannphysik.de\/wordpress\/wp-json\/wp\/v2\/comments?post=10"}],"version-history":[{"count":5,"href":"http:\/\/thomasbaumannphysik.de\/wordpress\/wp-json\/wp\/v2\/pages\/10\/revisions"}],"predecessor-version":[{"id":217,"href":"http:\/\/thomasbaumannphysik.de\/wordpress\/wp-json\/wp\/v2\/pages\/10\/revisions\/217"}],"wp:attachment":[{"href":"http:\/\/thomasbaumannphysik.de\/wordpress\/wp-json\/wp\/v2\/media?parent=10"}],"curies":[{"name":"wp","href":"https:\/\/api.w.org\/{rel}","templated":true}]}}